{"id":10,"date":"2012-02-16T10:01:06","date_gmt":"2012-02-16T10:01:06","guid":{"rendered":"http:\/\/demo.cpothemes.com\/illustrious\/?page_id=10"},"modified":"2017-07-03T13:28:03","modified_gmt":"2017-07-03T13:28:03","slug":"kontaktformular","status":"publish","type":"page","link":"http:\/\/berghoff-anroechte.de\/cms\/kontaktformular\/","title":{"rendered":"Kontaktformular"},"content":{"rendered":"<div class=\"mp-row-fluid motopress-row mpce-dsbl-margin-left mpce-dsbl-margin-right\">\n<div class=\"motopress-clmn mp-span6  mpce-dsbl-margin-left mpce-dsbl-margin-right\">\n<div class=\"motopress-code-obj\">\n<p><span style=\"color: #000000;\">Sie haben Fragen an uns?<\/span><\/p>\n<p><span style=\"color: #000000;\">Telefonisch stehen wir Ihnen gerne unter (02947) 9751-0 zur Verf\u00fcgung.<\/span><\/p>\n<p><span style=\"color: #000000;\">Oder schreiben Sie uns einfach eine eMail an <a href=\"mailto:info@berghoff-anroechte.de\">info@berghoff-anroechte.de<\/a><\/span><\/p>\n<p><span style=\"color: #000000;\">Selbstverst\u00e4ndlich k\u00f6nnen Sie auch gerne unser Kontaktformular nutzen und wir melden uns bei Ihnen.<\/span><\/p>\n<\/div>\n<\/div>\n<div class=\"motopress-clmn mp-span6  mpce-dsbl-margin-left mpce-dsbl-margin-right\">\n<p style=\"text-align: left;\"><form enctype=\"multipart\/form-data\" method=\"post\" id=\"psfb3635\" action=\"http:\/\/berghoff-anroechte.de\/cms\/kontaktformular\/\" class=\"planso-form-builder\" data-id=\"3635\" data-cnt=\"1\" id=\"planso_forms_3635_1\" data-locale=\"de\" data-locale_long=\"de_DE\" data-datepicker=\"bootstrap-datetimepicker\" data-date_format=\"F j, Y\" data-moment_date_format=\"MMMM D, YYYY\" data-jqueryui_date_format=\"MM d, yy\" data-eternicode_date_format=\"MM d, yyyy\"><div class=\"container-fluid\"><input type=\"hidden\" name=\"psfb_pageurl\" value=\"http:\/\/berghoff-anroechte.de\/cms\/kontaktformular\/\"\/><input type=\"hidden\" name=\"psfb_userip\" value=\"216.73.217.64\"\/><input type=\"hidden\" name=\"psfb_useragent\" value=\"Mozilla\/5.0 AppleWebKit\/537.36 (KHTML, like Gecko; compatible; ClaudeBot\/1.0; +claudebot@anthropic.com)\"\/><input type=\"hidden\" name=\"psfb_landingpage\" value=\"http:\/\/berghoff-anroechte.de\/cms\/wp-json\/wp\/v2\/pages\/10\"\/><input type=\"hidden\" name=\"psfb_referer\" value=\"Direct\"\/><input type=\"hidden\" name=\"psfb_page_id\" value=\"10\"\/><input type=\"hidden\" name=\"psfb_form_submit\" value=\"1\"\/><input type=\"hidden\" name=\"psfb_form_id\" value=\"3635\"\/><input type=\"hidden\" name=\"psfb_form_cnt\" value=\"1\"\/><div style=\"display:none\"><input type=\"text\" name=\"psfb_hon_as\"\/><\/div><div style=\"display:none\"><input type=\"text\" name=\"psfb_hon_as2\" id=\"psfb_hon_as2_3635_1\" value=\"26106cb11c3eeacbfc0ed0bcfdcee5f9\"\/><\/div><div style=\"display:none\"><input type=\"text\" name=\"psfb_cnt_check\" value=\"1\"\/><\/div><div class=\"row\"><div class=\"col-md-12\"><div class=\"form-group psfb-single-container\"><label class=\"control-label\" for=\"psfield_3635_1\">Name<span class=\"psfb_required_mark\">*<\/span><\/label><input type=\"text\" required=\"required\" data-required=\"required\" name=\"Name\" value=\"\" class=\"form-control  \" id=\"psfield_3635_1\" style=\"\"\/><\/div><\/div><\/div><div class=\"row\"><div class=\"col-md-12\"><div class=\"form-group psfb-single-container\"><label class=\"control-label\" for=\"psfield_3635_2\">Ihre E-Mail Adresse<span class=\"psfb_required_mark\">*<\/span><\/label><input type=\"email\" required=\"required\" data-required=\"required\" name=\"Ihre_E_Mail_Adresse\" value=\"\" class=\"form-control  \" id=\"psfield_3635_2\" style=\"\"\/><\/div><\/div><\/div><div class=\"row\"><div class=\"col-md-12\"><div class=\"form-group psfb-single-container\"><label class=\"control-label\" for=\"psfield_3635_3\">Telefon<\/label><input type=\"text\" name=\"Telefon\" value=\"\" class=\"form-control  \" id=\"psfield_3635_3\" style=\"\"\/><\/div><\/div><\/div><div class=\"row\"><div class=\"col-md-12\"><div class=\"form-group psfb-single-container\"><label class=\"control-label\" for=\"psfield_3635_4\">Ihre Nachricht<span class=\"psfb_required_mark\">*<\/span><\/label><textarea required=\"required\" data-required=\"required\" name=\"Ihre_Nachricht\" class=\"form-control  \" id=\"psfield_3635_4\" style=\"\"><\/textarea><\/div><\/div><\/div><div class=\"row\"><div class=\"col-md-12\"><div class=\"form-group psfb-single-container\"><hr class=\"\"><\/div><\/div><\/div><div class=\"row\"><div class=\"col-md-12\"><div class=\"form-group psfb-single-container\"><div style=\"position:relative;z-index:1;\"><button type=\"submit\" class=\"btn btn-primary       \" id=\"psfield_3635_6\" style=\"\">Senden<\/button><\/div><\/div><\/div><\/div><\/div><\/form><\/p>\n<\/div>\n<\/div>\n","protected":false},"excerpt":{"rendered":"Sie haben Fragen an uns? Telefonisch stehen wir Ihnen gerne unter (02947) 9751-0 zur Verf\u00fcgung. Oder schreiben Sie uns einfach eine eMail an info@berghoff-anroechte.de Selbstverst\u00e4ndlich k\u00f6nnen Sie auch gerne unser Kontaktformular nutzen und wir melden uns bei Ihnen. Name*Ihre E-Mail","protected":false},"author":2,"featured_media":0,"parent":0,"menu_order":0,"comment_status":"closed","ping_status":"closed","template":"","meta":{"footnotes":""},"class_list":["post-10","page","type-page","status-publish","hentry"],"_links":{"self":[{"href":"http:\/\/berghoff-anroechte.de\/cms\/wp-json\/wp\/v2\/pages\/10","targetHints":{"allow":["GET"]}}],"collection":[{"href":"http:\/\/berghoff-anroechte.de\/cms\/wp-json\/wp\/v2\/pages"}],"about":[{"href":"http:\/\/berghoff-anroechte.de\/cms\/wp-json\/wp\/v2\/types\/page"}],"author":[{"embeddable":true,"href":"http:\/\/berghoff-anroechte.de\/cms\/wp-json\/wp\/v2\/users\/2"}],"replies":[{"embeddable":true,"href":"http:\/\/berghoff-anroechte.de\/cms\/wp-json\/wp\/v2\/comments?post=10"}],"version-history":[{"count":11,"href":"http:\/\/berghoff-anroechte.de\/cms\/wp-json\/wp\/v2\/pages\/10\/revisions"}],"predecessor-version":[{"id":3722,"href":"http:\/\/berghoff-anroechte.de\/cms\/wp-json\/wp\/v2\/pages\/10\/revisions\/3722"}],"wp:attachment":[{"href":"http:\/\/berghoff-anroechte.de\/cms\/wp-json\/wp\/v2\/media?parent=10"}],"curies":[{"name":"wp","href":"https:\/\/api.w.org\/{rel}","templated":true}]}}