{"id":3435,"date":"2017-06-30T09:18:37","date_gmt":"2017-06-30T09:18:37","guid":{"rendered":"http:\/\/berghoff-anroechte.de\/cms\/?page_id=3435"},"modified":"2017-07-03T13:30:33","modified_gmt":"2017-07-03T13:30:33","slug":"impressum","status":"publish","type":"page","link":"http:\/\/berghoff-anroechte.de\/cms\/impressum\/","title":{"rendered":"Impressum"},"content":{"rendered":"<p><span style=\"color: #000000;\"><strong>Anschrift<\/strong><\/span><\/p>\n<p><span style=\"color: #000000;\">Alwin Berghoff GmbH<\/span><br \/>\n<span style=\"color: #000000;\"> Dieselstra\u00dfe 1<\/span><br \/>\n<span style=\"color: #000000;\"> 59609 Anr\u00f6chte<\/span><br \/>\n<span style=\"color: #000000;\"> Telefon: +49 2947 97510<\/span><br \/>\n<span style=\"color: #000000;\"> Telefax: +49 2947 975129<\/span><br \/>\n<span style=\"color: #000000;\"> E-Mail: <a href=\"mailto:info@berghoff-anroechte.de\">info@berghoff-anroechte.de<\/a><\/span><\/p>\n<p><span style=\"color: #000000;\">Vertretungsberechtigter Gesch\u00e4ftsf\u00fchrer: Alwin Berghoff<\/span><\/p>\n<p><span style=\"color: #000000;\">Registergericht: Amtsgericht Paderborn<\/span><br \/>\n<span style=\"color: #000000;\"> Registernummer: HR 5947<\/span><\/p>\n<p><span style=\"color: #000000;\">Umsatzsteuer-Identifikationsnummer gem\u00e4\u00df \u00a7 27 a Umsatzsteuergesetz: DE 205634510<\/span><\/p>\n<p>&nbsp;<\/p>\n<p><span style=\"color: #000000;\"><strong>Haftungshinweis<\/strong><\/span><\/p>\n<p><span style=\"color: #000000;\">Trotz sorgf\u00e4ltiger inhaltlicher Kontrolle \u00fcbernehmen wir keine Haftung f\u00fcr die Inhalte externer Links. F\u00fcr den Inhalt der verlinkten Seiten sind ausschlie\u00dflich deren Betreiber verantwortlich.<\/span><\/p>\n","protected":false},"excerpt":{"rendered":"Anschrift Alwin Berghoff GmbH Dieselstra\u00dfe 1 59609 Anr\u00f6chte Telefon: +49 2947 97510 Telefax: +49 2947 975129 E-Mail: info@berghoff-anroechte.de Vertretungsberechtigter Gesch\u00e4ftsf\u00fchrer: Alwin Berghoff Registergericht: Amtsgericht Paderborn Registernummer: HR 5947 Umsatzsteuer-Identifikationsnummer gem\u00e4\u00df \u00a7 27 a Umsatzsteuergesetz: DE 205634510 &nbsp; Haftungshinweis Trotz sorgf\u00e4ltiger","protected":false},"author":2,"featured_media":0,"parent":0,"menu_order":0,"comment_status":"closed","ping_status":"closed","template":"","meta":{"footnotes":""},"class_list":["post-3435","page","type-page","status-publish","hentry"],"_links":{"self":[{"href":"http:\/\/berghoff-anroechte.de\/cms\/wp-json\/wp\/v2\/pages\/3435","targetHints":{"allow":["GET"]}}],"collection":[{"href":"http:\/\/berghoff-anroechte.de\/cms\/wp-json\/wp\/v2\/pages"}],"about":[{"href":"http:\/\/berghoff-anroechte.de\/cms\/wp-json\/wp\/v2\/types\/page"}],"author":[{"embeddable":true,"href":"http:\/\/berghoff-anroechte.de\/cms\/wp-json\/wp\/v2\/users\/2"}],"replies":[{"embeddable":true,"href":"http:\/\/berghoff-anroechte.de\/cms\/wp-json\/wp\/v2\/comments?post=3435"}],"version-history":[{"count":12,"href":"http:\/\/berghoff-anroechte.de\/cms\/wp-json\/wp\/v2\/pages\/3435\/revisions"}],"predecessor-version":[{"id":3724,"href":"http:\/\/berghoff-anroechte.de\/cms\/wp-json\/wp\/v2\/pages\/3435\/revisions\/3724"}],"wp:attachment":[{"href":"http:\/\/berghoff-anroechte.de\/cms\/wp-json\/wp\/v2\/media?parent=3435"}],"curies":[{"name":"wp","href":"https:\/\/api.w.org\/{rel}","templated":true}]}}